{"id":2303,"date":"2022-06-29T17:12:46","date_gmt":"2022-06-29T14:12:46","guid":{"rendered":"http:\/\/unirent.ee\/siit-saab-leida-unirent-ee-dokumendid\/"},"modified":"2023-01-15T12:01:59","modified_gmt":"2023-01-15T10:01:59","slug":"siit-saab-leida-unirent-ee-dokumendid","status":"publish","type":"page","link":"https:\/\/unirent.ee\/ru\/siit-saab-leida-unirent-ee-dokumendid\/","title":{"rendered":"Siit saab leida Unirent.ee dokumendid"},"content":{"rendered":"<div class=\"vce-row-container\" data-vce-boxed-width=\"true\"><div class=\"vce-row vce-row--col-gap-30 vce-row-equal-height vce-row-content--top\" id=\"el-4d986262\" data-vce-do-apply=\"all el-4d986262\"><div class=\"vce-row-content\" data-vce-element-content=\"true\"><div class=\"vce-col vce-col--md-auto vce-col--xs-1 vce-col--xs-last vce-col--xs-first vce-col--sm-last vce-col--sm-first vce-col--md-last vce-col--lg-last vce-col--xl-last vce-col--md-first vce-col--lg-first vce-col--xl-first\" id=\"el-39790046\"><div class=\"vce-col-inner\" data-vce-do-apply=\"border margin background  el-39790046\"><div class=\"vce-col-content\" data-vce-element-content=\"true\" data-vce-do-apply=\"padding el-39790046\"><div class=\"vce-text-block\"><div class=\"vce-text-block-wrapper vce\" id=\"el-ed000f73\" data-vce-do-apply=\"all el-ed000f73\"><p style=\"text-align: center;\">Siin saab laadida endale meie lepingud ja t\u00f6\u00f6failid. Palun tutvuda nendega, enne koost\u00f6\u00f6 alustamist.<\/p><\/div><\/div><\/div><\/div><\/div><\/div><\/div><\/div><div class=\"vce-row-container\" data-vce-boxed-width=\"true\"><div class=\"vce-row vce-row--col-gap-30 vce-row-equal-height vce-row-content--top\" id=\"el-0359bb2b\" data-vce-do-apply=\"all el-0359bb2b\"><div class=\"vce-row-content\" data-vce-element-content=\"true\"><div class=\"vce-col vce-col--md-auto vce-col--xs-1 vce-col--xs-last vce-col--xs-first vce-col--sm-last vce-col--sm-first vce-col--md-first vce-col--lg-first vce-col--xl-first\" id=\"el-8b0601f3\"><div class=\"vce-col-inner\" data-vce-do-apply=\"border margin background  el-8b0601f3\"><div class=\"vce-col-content\" data-vce-element-content=\"true\" data-vce-do-apply=\"padding el-8b0601f3\"><div class=\"vce-button--style-animated-two-color-container vce-button--style-animated-two-color-container--align-center\"><div class=\"vce-button--style-animated-two-color-wrapper vce\" id=\"el-e2e4bf78\" data-vce-do-apply=\"margin el-e2e4bf78\"><button class=\"vce-button vce-button--style-animated-two-color vce-button--style-animated-two-color--border-round vce-button--style-animated-two-color--color-ffffff vce-button--style-animated-two-color--background-colors-F8E71C--4A90E2--difference\" data-vce-do-apply=\"  border el-e2e4bf78\"><span class=\"vce-button--style-animated-two-color-inner\" data-vce-do-apply=\"background border padding el-e2e4bf78\">Saateleht<\/span><\/button><\/div><\/div><\/div><\/div><\/div><div class=\"vce-col vce-col--md-auto vce-col--xs-1 vce-col--xs-last vce-col--xs-first vce-col--sm-last vce-col--sm-first vce-col--md-last vce-col--lg-last vce-col--xl-last\" id=\"el-f210e556\"><div class=\"vce-col-inner\" data-vce-do-apply=\"border margin background  el-f210e556\" data-vce-animate=\"vce-o-animate--pulse\"><div class=\"vce-content-background-container\"><\/div><div class=\"vce-col-content\" data-vce-element-content=\"true\" data-vce-do-apply=\"padding el-f210e556\"><div class=\"vce-button--style-animated-two-color-container vce-button--style-animated-two-color-container--align-center\"><div class=\"vce-button--style-animated-two-color-wrapper vce\" id=\"el-98eaf151\" data-vce-do-apply=\"margin el-98eaf151\"><button class=\"vce-button vce-button--style-animated-two-color vce-button--style-animated-two-color--border-round vce-button--style-animated-two-color--color-ffffff vce-button--style-animated-two-color--background-colors-F8E71C--4A90E2--difference\" data-vce-do-apply=\"  border el-98eaf151\"><span class=\"vce-button--style-animated-two-color-inner\" data-vce-do-apply=\"background border padding el-98eaf151\">Tehnikaankeet<\/span><\/button><\/div><\/div><\/div><\/div><\/div><\/div><\/div><\/div>\n","protected":false},"excerpt":{"rendered":"<p>Siin saab laadida endale meie lepingud ja t\u00f6\u00f6failid. Palun tutvuda nendega, enne koost\u00f6\u00f6 alustamist.SaatelehtTehnikaankeet<\/p>\n","protected":false},"author":2,"featured_media":0,"parent":0,"menu_order":0,"comment_status":"closed","ping_status":"closed","template":"","meta":{"_acf_changed":false,"footnotes":""},"class_list":["post-2303","page","type-page","status-publish","hentry"],"acf":[],"_links":{"self":[{"href":"https:\/\/unirent.ee\/ru\/wp-json\/wp\/v2\/pages\/2303","targetHints":{"allow":["GET"]}}],"collection":[{"href":"https:\/\/unirent.ee\/ru\/wp-json\/wp\/v2\/pages"}],"about":[{"href":"https:\/\/unirent.ee\/ru\/wp-json\/wp\/v2\/types\/page"}],"author":[{"embeddable":true,"href":"https:\/\/unirent.ee\/ru\/wp-json\/wp\/v2\/users\/2"}],"replies":[{"embeddable":true,"href":"https:\/\/unirent.ee\/ru\/wp-json\/wp\/v2\/comments?post=2303"}],"version-history":[{"count":1,"href":"https:\/\/unirent.ee\/ru\/wp-json\/wp\/v2\/pages\/2303\/revisions"}],"predecessor-version":[{"id":2323,"href":"https:\/\/unirent.ee\/ru\/wp-json\/wp\/v2\/pages\/2303\/revisions\/2323"}],"wp:attachment":[{"href":"https:\/\/unirent.ee\/ru\/wp-json\/wp\/v2\/media?parent=2303"}],"curies":[{"name":"wp","href":"https:\/\/api.w.org\/{rel}","templated":true}]}}