{"id":2299,"date":"2022-12-27T15:45:15","date_gmt":"2022-12-27T13:45:15","guid":{"rendered":"http:\/\/unirent.ee\/pakkumine-tehnika-omanikule\/"},"modified":"2023-01-15T11:34:05","modified_gmt":"2023-01-15T09:34:05","slug":"pakkumine-tehnika-omanikule","status":"publish","type":"page","link":"https:\/\/unirent.ee\/ru\/pakkumine-tehnika-omanikule\/","title":{"rendered":""},"content":{"rendered":"<div class=\"vce-row-container\" data-vce-boxed-width=\"true\"><div class=\"vce-row vce-row--col-gap-30 vce-row-equal-height vce-row-content--top\" id=\"el-30824591\" data-vce-do-apply=\"all el-30824591\"><div class=\"vce-row-content\" data-vce-element-content=\"true\"><div class=\"vce-col vce-col--md-auto vce-col--xs-1 vce-col--xs-last vce-col--xs-first vce-col--sm-last vce-col--sm-first vce-col--md-last vce-col--lg-last vce-col--xl-last vce-col--md-first vce-col--lg-first vce-col--xl-first\" id=\"el-ab83ca4b\"><div class=\"vce-col-inner\" data-vce-do-apply=\"border margin background  el-ab83ca4b\"><div class=\"vce-col-content\" data-vce-element-content=\"true\" data-vce-do-apply=\"padding el-ab83ca4b\"><div class=\"vce-text-block\"><div class=\"vce-text-block-wrapper vce\" id=\"el-0eeacd74\" data-vce-do-apply=\"all el-0eeacd74\"><h3 style=\"text-align: center;\">Miks on tehnika omanikule kasulik meiega koost\u00f6\u00f6d teha?<\/h3><\/div><\/div><div class=\"vce-text-block\"><div class=\"vce-text-block-wrapper vce\" id=\"el-a4c258eb\" data-vce-do-apply=\"all el-a4c258eb\"><p>Unirent.ee laiendab oma koost\u00f6\u00f6partnerite nimekirja. Pakume ehitustehnika omanikele v\u00f5imaluse p\u00e4\u00e4seda aegan\u00f5udvast uute t\u00f6\u00f6de otsimisest ning saada stabiilseid tellimusi kogu Eesti piires. Antud hetkel t\u00e4iustame oma s\u00fcsteemi ning varsti p\u00e4\u00e4sete Te ligi oma isiklikule \u201ekabinetile\u201c, kus saate hallata oma masinaparki.<\/p><\/div><\/div><div class=\"vce-row-container\" data-vce-boxed-width=\"true\"><div class=\"vce-row vce-row--col-gap-30 vce-row-equal-height vce-row-content--top\" id=\"el-5c8d2583\" data-vce-do-apply=\"all el-5c8d2583\"><div class=\"vce-row-content\" data-vce-element-content=\"true\"><div class=\"vce-col vce-col--md-auto vce-col--xs-1 vce-col--xs-last vce-col--xs-first vce-col--sm-last vce-col--sm-first vce-col--md-last vce-col--lg-last vce-col--xl-last vce-col--md-first vce-col--lg-first vce-col--xl-first\" id=\"el-64ce2fbf\"><div class=\"vce-col-inner\" data-vce-do-apply=\"border margin background  el-64ce2fbf\"><div class=\"vce-col-content\" data-vce-element-content=\"true\" data-vce-do-apply=\"padding el-64ce2fbf\"><div class=\"vce-single-image-container vce-single-image--align-center\"><div class=\"vce vce-single-image-wrapper\" id=\"el-d3dd6ab3\" data-vce-do-apply=\"all el-d3dd6ab3\"><figure><div class=\"vce-single-image-figure-inner\" style=\"width: 1484px;\"><div class=\"vce-single-image-inner vce-single-image--absolute\" style=\"width: 100%; padding-bottom: 53.0323%;\"><img loading=\"lazy\" decoding=\"async\" class=\"vce-single-image\"  width=\"1484\" height=\"787\" srcset=\"https:\/\/unirent.ee\/wp-content\/uploads\/2022\/12\/20200511_105644-scaled-e1672148252885-320x170.jpg 320w, https:\/\/unirent.ee\/wp-content\/uploads\/2022\/12\/20200511_105644-scaled-e1672148252885-480x255.jpg 480w, https:\/\/unirent.ee\/wp-content\/uploads\/2022\/12\/20200511_105644-scaled-e1672148252885-800x424.jpg 800w, https:\/\/unirent.ee\/wp-content\/uploads\/2023\/01\/20200511_105644-scaled-e1672148252885-1484x787.jpg 1484w\" src=\"https:\/\/unirent.ee\/wp-content\/uploads\/2023\/01\/20200511_105644-scaled-e1672148252885-1484x787.jpg\" data-img-src=\"https:\/\/unirent.ee\/wp-content\/uploads\/2022\/12\/20200511_105644-scaled-e1672148252885.jpg\" data-attachment-id=\"1703\"  alt=\"\" title=\"\" \/><\/div><\/div><figcaption hidden=\"\"><\/figcaption><\/figure><\/div><\/div><\/div><\/div><\/div><\/div><\/div><\/div><div class=\"vce-text-block\"><div class=\"vce-text-block-wrapper vce\" id=\"el-d10a2474\" data-vce-do-apply=\"all el-d10a2474\"><p>Otsime oma s\u00fcsteemi koost\u00f6\u00f6partneriteks j\u00e4rgmiste masinate omanikke:<\/p><ul><li>Transporditehnika<\/li><li>\u0417\u0435\u043c\u043b\u0435\u0440\u043e\u0439\u043d\u0430\u044f \u0442\u0435\u0445\u043d\u0438\u043a\u0430<\/li><li>Laadurid<\/li><li>Teedehitustehnika<\/li><li>\u041f\u043e\u0434\u044a\u0435\u043c\u043d\u0430\u044f \u0442\u0435\u0445\u043d\u0438\u043a\u0430<\/li><li>Betooniseadmed<\/li><li>Kommunaaltehnika<\/li><li>Purustid ja S\u00f5elurid<\/li><li>Metsavarumistehnika<\/li><\/ul><p>V\u00f5tame vastu tellimusi \u00fcle Eesti ning t\u00f6\u00f6tame olgu kuumal suvel v\u00f5i pakaselisel talvel.<\/p><p>Pakume Teile kvaliteetset tagasisidet ning kaasaegseid lahendusi ehitusobjektide otsimisel. Meie ehitustehnika osakond on valmis v\u00f5tma vastu taotluse koost\u00f6\u00f6ks ning tutvustama meie ettev\u00f5tte edasisi arengusamme.<\/p><p>\u00dcksikasjalikuma info saamiseks v\u00f5tke meiega \u00fchendust telefoni v\u00f5i <a href=\"mailto:alex@unirent.ee\">e-posti<\/a> teel.<\/p><\/div><\/div><\/div><\/div><\/div><\/div><\/div><\/div>\n","protected":false},"excerpt":{"rendered":"<p>Miks on tehnika omanikule kasulik meiega koost\u00f6\u00f6d teha?Unirent.ee laiendab oma koost\u00f6\u00f6partnerite nimekirja. Pakume ehitustehnika omanikele v\u00f5imaluse p\u00e4\u00e4seda aegan\u00f5udvast uute t\u00f6\u00f6de otsimisest ning saada stabiilseid tellimusi kogu Eesti piires. Antud hetkel t\u00e4iustame oma s\u00fcsteemi ning varsti p\u00e4\u00e4sete Te ligi oma isiklikule \u201ekabinetile\u201c, kus saate hallata oma masinaparki.Otsime oma s\u00fcsteemi koost\u00f6\u00f6partneriteks j\u00e4rgmiste masinate omanikke:Transporditehnika\u0417\u0435\u043c\u043b\u0435\u0440\u043e\u0439\u043d\u0430\u044f \u0442\u0435\u0445\u043d\u0438\u043a\u0430LaaduridTeedehitustehnika\u041f\u043e\u0434\u044a\u0435\u043c\u043d\u0430\u044f \u0442\u0435\u0445\u043d\u0438\u043a\u0430BetooniseadmedKommunaaltehnikaPurustid ja [&hellip;]<\/p>\n","protected":false},"author":2,"featured_media":0,"parent":0,"menu_order":0,"comment_status":"closed","ping_status":"closed","template":"","meta":{"_acf_changed":false,"footnotes":""},"class_list":["post-2299","page","type-page","status-publish","hentry"],"acf":[],"_links":{"self":[{"href":"https:\/\/unirent.ee\/ru\/wp-json\/wp\/v2\/pages\/2299","targetHints":{"allow":["GET"]}}],"collection":[{"href":"https:\/\/unirent.ee\/ru\/wp-json\/wp\/v2\/pages"}],"about":[{"href":"https:\/\/unirent.ee\/ru\/wp-json\/wp\/v2\/types\/page"}],"author":[{"embeddable":true,"href":"https:\/\/unirent.ee\/ru\/wp-json\/wp\/v2\/users\/2"}],"replies":[{"embeddable":true,"href":"https:\/\/unirent.ee\/ru\/wp-json\/wp\/v2\/comments?post=2299"}],"version-history":[{"count":1,"href":"https:\/\/unirent.ee\/ru\/wp-json\/wp\/v2\/pages\/2299\/revisions"}],"predecessor-version":[{"id":2300,"href":"https:\/\/unirent.ee\/ru\/wp-json\/wp\/v2\/pages\/2299\/revisions\/2300"}],"wp:attachment":[{"href":"https:\/\/unirent.ee\/ru\/wp-json\/wp\/v2\/media?parent=2299"}],"curies":[{"name":"wp","href":"https:\/\/api.w.org\/{rel}","templated":true}]}}